{"id":1033,"date":"2018-06-15T14:44:43","date_gmt":"2018-06-15T12:44:43","guid":{"rendered":"https:\/\/www.ethno-botanik.org\/?page_id=1033"},"modified":"2019-04-10T19:55:14","modified_gmt":"2019-04-10T17:55:14","slug":"capsicum-fotos-de-todos-las-variedades-de-aji-chile-y-pimiento","status":"publish","type":"page","link":"https:\/\/www.ethno-botanik.org\/es\/capsicum-fotos-de-todos-las-variedades-de-aji-chile-y-pimiento\/","title":{"rendered":"Capsicum &#8211; Fotos de todos las variedades de aj\u00ed, chile y pimiento"},"content":{"rendered":"\n<div class=\"wp-block-columns has-3-columns is-layout-flex wp-container-core-columns-is-layout-9d6595d7 wp-block-columns-is-layout-flex\">\n<div class=\"wp-block-column is-layout-flow wp-block-column-is-layout-flow\">\n<figure class=\"wp-block-image\"><a href=\"https:\/\/www.ethno-botanik.org\/fotos\/Chilisorten.jpg\" data-lbwps-width=\"1920\" data-lbwps-height=\"1275\" data-lbwps-srcsmall=\"https:\/\/www.ethno-botanik.org\/fotos\/Chilisorten-390x259.jpg\" data-lbwps-caption=\"Chilisorten\" data-lbwps-description=\"Chilisorten\"><img loading=\"lazy\" decoding=\"async\" width=\"1920\" height=\"1275\" src=\"https:\/\/www.ethno-botanik.org\/fotos\/Chilisorten.jpg\" alt=\"Variedades de Chiles\" class=\"wp-image-980\" srcset=\"https:\/\/www.ethno-botanik.org\/fotos\/Chilisorten.jpg 1920w, https:\/\/www.ethno-botanik.org\/fotos\/Chilisorten-390x259.jpg 390w, https:\/\/www.ethno-botanik.org\/fotos\/Chilisorten-810x538.jpg 810w, https:\/\/www.ethno-botanik.org\/fotos\/Chilisorten-768x510.jpg 768w\" sizes=\"auto, (max-width: 1920px) 100vw, 1920px\" \/><\/a><figcaption>Variedades de Chiles<\/figcaption><\/figure>\n<\/div>\n\n\n\n<div class=\"wp-block-column is-layout-flow wp-block-column-is-layout-flow\">\n<figure class=\"wp-block-image alignnone\"><a href=\"https:\/\/www.ethno-botanik.org\/fotos\/\/Chilisorten-4.jpg\" data-lbwps-width=\"1920\" data-lbwps-height=\"1285\" data-lbwps-srcsmall=\"https:\/\/www.ethno-botanik.org\/fotos\/Chilisorten-4-390x261.jpg\"><img loading=\"lazy\" decoding=\"async\" width=\"810\" height=\"542\" src=\"https:\/\/www.ethno-botanik.org\/fotos\/\/Chilisorten-4-810x542.jpg\" alt=\"Variedades de Chiles\" class=\"wp-image-982\" srcset=\"https:\/\/www.ethno-botanik.org\/fotos\/Chilisorten-4-810x542.jpg 810w, https:\/\/www.ethno-botanik.org\/fotos\/Chilisorten-4-390x261.jpg 390w, https:\/\/www.ethno-botanik.org\/fotos\/Chilisorten-4-768x514.jpg 768w, https:\/\/www.ethno-botanik.org\/fotos\/Chilisorten-4.jpg 1920w\" sizes=\"auto, (max-width: 810px) 100vw, 810px\" \/><\/a><figcaption>Variedades de Chiles<\/figcaption><\/figure>\n<\/div>\n\n\n\n<div class=\"wp-block-column is-layout-flow wp-block-column-is-layout-flow\">\n<figure class=\"wp-block-image alignnone\"><a href=\"https:\/\/www.ethno-botanik.org\/fotos\/\/Trinidad-Douglah.jpg\" data-lbwps-width=\"1920\" data-lbwps-height=\"1275\" data-lbwps-srcsmall=\"https:\/\/www.ethno-botanik.org\/fotos\/Trinidad-Douglah-390x259.jpg\"><img loading=\"lazy\" decoding=\"async\" width=\"810\" height=\"538\" src=\"https:\/\/www.ethno-botanik.org\/fotos\/\/Trinidad-Douglah-810x538.jpg\" alt=\"Trinidad Douglah\" class=\"wp-image-983\" srcset=\"https:\/\/www.ethno-botanik.org\/fotos\/Trinidad-Douglah-810x538.jpg 810w, https:\/\/www.ethno-botanik.org\/fotos\/Trinidad-Douglah-390x259.jpg 390w, https:\/\/www.ethno-botanik.org\/fotos\/Trinidad-Douglah-768x510.jpg 768w, https:\/\/www.ethno-botanik.org\/fotos\/Trinidad-Douglah.jpg 1920w\" sizes=\"auto, (max-width: 810px) 100vw, 810px\" \/><\/a><figcaption>Trinidad Douglah<\/figcaption><\/figure>\n\n\n\n<p><\/p>\n<\/div>\n<\/div>\n\n\n\n<h2 class=\"wp-block-heading\">Im\u00e1genes e informaci\u00f3nes de chiles, aj\u00eds y pimientos:<\/h2>\n\n\n\n<ul class=\"ul wp-block-list\"><li><em><a title=\"Capsicum annuum\" href=\"https:\/\/www.ethno2.ethno-botanik.org\/Capsicum\/Fotos-variedades-chile-pimiento-aji.html#Capsicum_annuum\">Capsicum annuum<\/a><\/em><\/li><li> <em><a href=\"https:\/\/www.ethno2.ethno-botanik.org\/Capsicum\/Fotos-variedades-chile-pimiento-aji.html#Capsicum_baccatum\">Capsicum baccatum<\/a><\/em><\/li><li> <em><a href=\"https:\/\/www.ethno2.ethno-botanik.org\/Capsicum\/Fotos-variedades-chile-pimiento-aji.html#Capsicum_chinense\">Capsicum chinense<\/a><\/em><\/li><li> <em><a href=\"https:\/\/www.ethno2.ethno-botanik.org\/Capsicum\/Fotos-variedades-chile-pimiento-aji.html#Capsicum_eximium\">Capsicum eximium<\/a><\/em><\/li><li> <em><a href=\"https:\/\/www.ethno2.ethno-botanik.org\/Capsicum\/Fotos-variedades-chile-pimiento-aji.html#Capsicum_frutescens\">Capsicum frutescens<\/a><\/em><\/li><li><em><a title=\"Capsicum pubescens\" href=\"https:\/\/www.ethno2.ethno-botanik.org\/Capsicum\/Fotos-variedades-chile-pimiento-aji.html#Capsicum_pubescens\">Capsicum pubescens<\/a><\/em><\/li><li class=\"link_normal\"><em><a title=\"Capsicum sp.\" href=\"https:\/\/www.ethno2.ethno-botanik.org\/Capsicum\/Fotos-variedades-chile-pimiento-aji.html#Capsicum_sp\">Capsicum sp.<\/a><\/em><\/li><\/ul>\n\n\n\n<h2 class=\"wp-block-heading\">Producci\u00f3n de semillas de diferentes variedades de chiles, aj\u00eds y pimientos:<\/h2>\n\n\n\n<ul class=\"ul wp-block-list\"><li class=\"link_normal\"><a title=\"Producci\u00f3n de semillas en Capsicum\" href=\"https:\/\/www.ethno2.ethno-botanik.org\/Capsicum\/Produccion-semillas-Capsicum.html\">Producci\u00f3n de semillas en <em>Capsicum<\/em><\/a><\/li><\/ul>\n\n\n\n<ul class=\"ul wp-block-list\"><li class=\"link_shop\"><a href=\"http:\/\/www.shop.ethno-botanik.org\" target=\"_blank\" rel=\"noopener noreferrer\">Tienta de internet www.ethno-botanik.org<\/a><a href=\"https:\/\/www.ethno2.ethno-botanik.org\/Capsicum\/Saatgutgewinnung_bei_Capsicum.html\"><em><br><\/em><\/a><\/li><\/ul>\n\n\n\n<h2 class=\"wp-block-heading\">Siembra, plantaci\u00f3n, cultivo y cosecha de aj\u00ed, chile y pimiento (<em>Capsicum<\/em>):<\/h2>\n\n\n\n<ul class=\"ul wp-block-list\"><li class=\"link_normal\"><a title=\"Cultivo de chile, aj\u00ed y pimiento\" href=\"https:\/\/www.ethno2.ethno-botanik.org\/Capsicum\/Anbau_von_Capsicum.html\">Cultivo de chile<\/a><\/li><\/ul>\n\n\n\n<h2 class=\"wp-block-heading\">Enlaces sobre <em>Capsicum<\/em>, aj\u00ed, chile y pimiento:<\/h2>\n\n\n\n<ul class=\"ul wp-block-list\"><li class=\"link_normal\"><a href=\"https:\/\/www.ethno2.ethno-botanik.org\/Capsicum\/Variedades-chile-aji-pimiento.html\">Variedades de chile, pimiento y aj\u00ed de todo el mundo &#8211; gran biodiversidad de 2000 variedades<\/a><\/li><\/ul>\n\n\n\n<ul class=\"ul wp-block-list\"><li class=\"link_normal\"><a href=\"https:\/\/www.ethno2.ethno-botanik.org\/Capsicum\/Inhaltsverzeichnis_Capsicum.html\">Contenido <em>Capsicum<\/em><\/a><\/li><\/ul>\n\n\n\n<ul class=\"ul wp-block-list\"><li class=\"link_normal\"><a title=\"Habanero - variedades de chile Habanero\" href=\"https:\/\/www.ethno2.ethno-botanik.org\/Capsicum\/Habanero-Capsicum-chinense-es.htm\">Habaneros &#8211; Informaci\u00f3nes y fotos sobre Habaneros (<em>Capsicum chinense<\/em>)<\/a><\/li><\/ul>\n\n\n<div class=\"pt-cv-wrapper\"><div class=\"cvp-live-filter cvp-button \" id=\"\" data-name=\"tx_wissenschaftlicher_name\" data-sid=\"81e43f0yj8\" data-isblock=\"\" data-postid=\"\"><label class=\"cvp-label\">Wissenschaftlicher Name<\/label><div class=\"btn\"><label><input type=\"radio\" name=\"tx_wissenschaftlicher_name\" value=\"\" checked\/><div>Capsicum<\/div><\/label><\/div><\/div><div class=\"pt-cv-view pt-cv-grid pt-cv-colsys pt-cv-same-height pt-cv-pgregular cvp-lfres\" id=\"pt-cv-view-81e43f0yj8\"><div data-id=\"pt-cv-page-1\" class=\"pt-cv-page cv-npf\" data-cvc=\"3\" data-cvct=\"2\" data-cvcm=\"1\"><div class=\"col-md-4 col-sm-6 col-xs-12 pt-cv-content-item pt-cv-1-col\"  data-pid=\"0\"><div class='pt-cv-ifield'><div class=\"pt-cv-no-post\">No se han encontrado entradas.<\/div><\/div><\/div><\/div><\/div><\/div>\t\t\t<style type=\"text\/css\" id=\"pt-cv-inline-style-fb06d51s34\">#pt-cv-view-81e43f0yj8 .pt-cv-title a, #pt-cv-view-81e43f0yj8  .panel-title { color: #000000 !important; font-weight: 600 !important; display: block !important; text-align: center !important; clear: both !important; }\n#pt-cv-view-81e43f0yj8 .pt-cv-meta-fields {text-align: center; clear: both}\n#pt-cv-view-81e43f0yj8 .pt-cv-meta-fields * { font-size: 18px !important; line-height: 1.3 !important; color: #000000 !important; font-weight: 600 !important; }\n#pt-cv-view-81e43f0yj8 .pt-cv-readmore  { color: #ffffff !important; background-color: #00aeef !important; }\n#pt-cv-view-81e43f0yj8 .pt-cv-readmore:hover  { color: #ffffff !important; background-color: #00aeef !important; }\n#pt-cv-view-81e43f0yj8  + .pt-cv-pagination-wrapper .pt-cv-more , #pt-cv-view-81e43f0yj8  + .pt-cv-pagination-wrapper .pagination .active a, .pt-cv-pagination[data-sid='81e43f0yj8'] .active a { color: #ffffff !important; background-color: #00aeef !important; }<\/style>\r\n\t\t\t\n","protected":false},"excerpt":{"rendered":"<p>Im\u00e1genes e informaci\u00f3nes de chiles, aj\u00eds y pimientos: Capsicum annuum Capsicum baccatum Capsicum chinense Capsicum eximium Capsicum frutescens Capsicum pubescens Capsicum sp. Producci\u00f3n de semillas de diferentes variedades de chiles, aj\u00eds y pimientos: Producci\u00f3n de semillas en Capsicum Tienta de internet www.ethno-botanik.org Siembra, plantaci\u00f3n, cultivo y cosecha de aj\u00ed, chile y pimiento (Capsicum): Cultivo de [&hellip;]<\/p>\n","protected":false},"author":2,"featured_media":1037,"parent":0,"menu_order":0,"comment_status":"closed","ping_status":"closed","template":"","meta":{"_acf_changed":false,"_genesis_hide_title":false,"_genesis_hide_breadcrumbs":false,"_genesis_hide_singular_image":false,"_genesis_hide_footer_widgets":false,"_genesis_custom_body_class":"","_genesis_custom_post_class":"","_genesis_layout":"","footnotes":""},"deutscher_name":[],"familie":[],"fruchtfarbe":[],"gattung":[],"herkunft":[],"sorte":[],"synonym":[],"tomatentyp":[],"volksname":[],"wissenschaftlicher_name":[],"class_list":{"0":"post-1033","1":"page","2":"type-page","3":"status-publish","4":"has-post-thumbnail","6":"entry"},"acf":[],"featured_image_src":"https:\/\/www.ethno-botanik.org\/fotos\/Chilisorten.jpg","featured_image_src_square":"https:\/\/www.ethno-botanik.org\/fotos\/Chilisorten.jpg","_links":{"self":[{"href":"https:\/\/www.ethno-botanik.org\/es\/wp-json\/wp\/v2\/pages\/1033","targetHints":{"allow":["GET"]}}],"collection":[{"href":"https:\/\/www.ethno-botanik.org\/es\/wp-json\/wp\/v2\/pages"}],"about":[{"href":"https:\/\/www.ethno-botanik.org\/es\/wp-json\/wp\/v2\/types\/page"}],"author":[{"embeddable":true,"href":"https:\/\/www.ethno-botanik.org\/es\/wp-json\/wp\/v2\/users\/2"}],"replies":[{"embeddable":true,"href":"https:\/\/www.ethno-botanik.org\/es\/wp-json\/wp\/v2\/comments?post=1033"}],"version-history":[{"count":0,"href":"https:\/\/www.ethno-botanik.org\/es\/wp-json\/wp\/v2\/pages\/1033\/revisions"}],"wp:featuredmedia":[{"embeddable":true,"href":"https:\/\/www.ethno-botanik.org\/es\/wp-json\/wp\/v2\/media\/1037"}],"wp:attachment":[{"href":"https:\/\/www.ethno-botanik.org\/es\/wp-json\/wp\/v2\/media?parent=1033"}],"wp:term":[{"taxonomy":"deutscher_name","embeddable":true,"href":"https:\/\/www.ethno-botanik.org\/es\/wp-json\/wp\/v2\/deutscher_name?post=1033"},{"taxonomy":"familie","embeddable":true,"href":"https:\/\/www.ethno-botanik.org\/es\/wp-json\/wp\/v2\/familie?post=1033"},{"taxonomy":"fruchtfarbe","embeddable":true,"href":"https:\/\/www.ethno-botanik.org\/es\/wp-json\/wp\/v2\/fruchtfarbe?post=1033"},{"taxonomy":"gattung","embeddable":true,"href":"https:\/\/www.ethno-botanik.org\/es\/wp-json\/wp\/v2\/gattung?post=1033"},{"taxonomy":"herkunft","embeddable":true,"href":"https:\/\/www.ethno-botanik.org\/es\/wp-json\/wp\/v2\/herkunft?post=1033"},{"taxonomy":"sorte","embeddable":true,"href":"https:\/\/www.ethno-botanik.org\/es\/wp-json\/wp\/v2\/sorte?post=1033"},{"taxonomy":"synonym","embeddable":true,"href":"https:\/\/www.ethno-botanik.org\/es\/wp-json\/wp\/v2\/synonym?post=1033"},{"taxonomy":"tomatentyp","embeddable":true,"href":"https:\/\/www.ethno-botanik.org\/es\/wp-json\/wp\/v2\/tomatentyp?post=1033"},{"taxonomy":"volksname","embeddable":true,"href":"https:\/\/www.ethno-botanik.org\/es\/wp-json\/wp\/v2\/volksname?post=1033"},{"taxonomy":"wissenschaftlicher_name","embeddable":true,"href":"https:\/\/www.ethno-botanik.org\/es\/wp-json\/wp\/v2\/wissenschaftlicher_name?post=1033"}],"curies":[{"name":"wp","href":"https:\/\/api.w.org\/{rel}","templated":true}]}}